{"id":1621,"date":"2023-02-23T11:03:03","date_gmt":"2023-02-23T16:03:03","guid":{"rendered":"https:\/\/www.lafmat.com\/home\/?page_id=1621"},"modified":"2023-09-30T08:17:30","modified_gmt":"2023-09-30T13:17:30","slug":"venue","status":"publish","type":"page","link":"https:\/\/www.lafmat.com\/home\/venue\/","title":{"rendered":"Venue"},"content":{"rendered":"<p>[et_pb_section fb_built=\u00bb1&#8243; fullwidth=\u00bbon\u00bb _builder_version=\u00bb4.17.0&#8243; _module_preset=\u00bbdefault\u00bb da_disable_devices=\u00bboff|off|off\u00bb global_colors_info=\u00bb{}\u00bb da_is_popup=\u00bboff\u00bb da_exit_intent=\u00bboff\u00bb da_has_close=\u00bbon\u00bb da_alt_close=\u00bboff\u00bb da_dark_close=\u00bboff\u00bb da_not_modal=\u00bbon\u00bb da_is_singular=\u00bboff\u00bb da_with_loader=\u00bboff\u00bb da_has_shadow=\u00bbon\u00bb][et_pb_fullwidth_menu menu_id=\u00bb11&#8243; _builder_version=\u00bb4.17.0&#8243; _module_preset=\u00bbdefault\u00bb global_colors_info=\u00bb{}\u00bb][\/et_pb_fullwidth_menu][\/et_pb_section][et_pb_section fb_built=\u00bb1&#8243; fullwidth=\u00bbon\u00bb _builder_version=\u00bb4.17.0&#8243; _module_preset=\u00bbdefault\u00bb da_disable_devices=\u00bboff|off|off\u00bb global_colors_info=\u00bb{}\u00bb da_is_popup=\u00bboff\u00bb da_exit_intent=\u00bboff\u00bb da_has_close=\u00bbon\u00bb da_alt_close=\u00bboff\u00bb da_dark_close=\u00bboff\u00bb da_not_modal=\u00bbon\u00bb da_is_singular=\u00bboff\u00bb da_with_loader=\u00bboff\u00bb da_has_shadow=\u00bbon\u00bb][et_pb_fullwidth_image src=\u00bbhttp:\/\/www.lafmat.com\/home\/wp-content\/uploads\/2023\/02\/Head.png\u00bb title_text=\u00bbHead\u00bb _builder_version=\u00bb4.17.0&#8243; _module_preset=\u00bbdefault\u00bb global_colors_info=\u00bb{}\u00bb][\/et_pb_fullwidth_image][\/et_pb_section][et_pb_section fb_built=\u00bb1&#8243; fullwidth=\u00bbon\u00bb _builder_version=\u00bb4.17.0&#8243; _module_preset=\u00bbdefault\u00bb da_disable_devices=\u00bboff|off|off\u00bb global_colors_info=\u00bb{}\u00bb da_is_popup=\u00bboff\u00bb da_exit_intent=\u00bboff\u00bb da_has_close=\u00bbon\u00bb da_alt_close=\u00bboff\u00bb da_dark_close=\u00bboff\u00bb da_not_modal=\u00bbon\u00bb da_is_singular=\u00bboff\u00bb da_with_loader=\u00bboff\u00bb da_has_shadow=\u00bbon\u00bb][\/et_pb_section][et_pb_section fb_built=\u00bb1&#8243; _builder_version=\u00bb4.17.0&#8243; _module_preset=\u00bbdefault\u00bb custom_padding=\u00bb0px||0px||false|false\u00bb da_disable_devices=\u00bboff|off|off\u00bb global_colors_info=\u00bb{}\u00bb da_is_popup=\u00bboff\u00bb da_exit_intent=\u00bboff\u00bb da_has_close=\u00bbon\u00bb da_alt_close=\u00bboff\u00bb da_dark_close=\u00bboff\u00bb da_not_modal=\u00bbon\u00bb da_is_singular=\u00bboff\u00bb da_with_loader=\u00bboff\u00bb da_has_shadow=\u00bbon\u00bb][et_pb_row _builder_version=\u00bb4.17.0&#8243; _module_preset=\u00bbdefault\u00bb custom_padding=\u00bb||0px||false|false\u00bb global_colors_info=\u00bb{}\u00bb][et_pb_column type=\u00bb4_4&#8243; _builder_version=\u00bb4.17.0&#8243; _module_preset=\u00bbdefault\u00bb global_colors_info=\u00bb{}\u00bb][et_pb_text _builder_version=\u00bb4.17.0&#8243; _module_preset=\u00bbdefault\u00bb global_colors_info=\u00bb{}\u00bb]<\/p>\n<p style=\"text-align: justify;\">The II Latinamerican Conference on Superconductivity and Magnetism will be held at the \u00ab<strong>Instituto de Investigacion de Fisica<\/strong>\u00ab, Facultad de Ciencias Fisicas, campus of the \u00ab<strong>Universidad Nacional Mayor de San Marcos\u00bb<\/strong>, located in the Lima City, Peru from 23rd to 27th October 2023.<\/p>\n<p style=\"text-align: justify;\">\n<p style=\"text-align: justify;\"><strong>Address:<\/strong><\/p>\n<p style=\"text-align: justify;\">Instituto de Investigacion de Fisica, Facultad de Ciencias Fisica, Universidad Nacional Mayor de San Marcos, Campus Universitario, Av. Universitaria (cruce con Av. Venezuela). Cercado de Lima, Peru.<\/p>\n<p style=\"text-align: justify;\">\n<p style=\"text-align: justify;\"><a href=\"https:\/\/maps.app.goo.gl\/m16c9dQZ2kFMAgG87\">MAPS\u00a0<\/a>\u00a0<\/p>\n<p>[\/et_pb_text][\/et_pb_column][\/et_pb_row][et_pb_row _builder_version=\u00bb4.17.0&#8243; _module_preset=\u00bbdefault\u00bb custom_padding=\u00bb||0px||false|false\u00bb hover_enabled=\u00bb0&#8243; global_colors_info=\u00bb{}\u00bb sticky_enabled=\u00bb0&#8243;][et_pb_column type=\u00bb4_4&#8243; _builder_version=\u00bb4.17.0&#8243; _module_preset=\u00bbdefault\u00bb global_colors_info=\u00bb{}\u00bb][et_pb_text _builder_version=\u00bb4.17.0&#8243; _module_preset=\u00bbdefault\u00bb global_colors_info=\u00bb{}\u00bb][\/et_pb_text][\/et_pb_column][\/et_pb_row][et_pb_row column_structure=\u00bb2_5,3_5&#8243; _builder_version=\u00bb4.17.0&#8243; _module_preset=\u00bbdefault\u00bb global_colors_info=\u00bb{}\u00bb][et_pb_column type=\u00bb2_5&#8243; _builder_version=\u00bb4.17.0&#8243; _module_preset=\u00bbdefault\u00bb global_colors_info=\u00bb{}\u00bb][et_pb_video src=\u00bbhttps:\/\/www.youtube.com\/watch?v=MlrzLYqIsE8&#038;ab_channel=Expedia\u00bb src_webm=\u00bbhttps:\/\/www.youtube.com\/watch?v=MlrzLYqIsE8&#038;ab_channel=Expedia\u00bb _builder_version=\u00bb4.17.0&#8243; _module_preset=\u00bbdefault\u00bb global_colors_info=\u00bb{}\u00bb][\/et_pb_video][et_pb_video src=\u00bbhttps:\/\/www.youtube.com\/watch?v=g_igODn9Mbs&#038;ab_channel=Exploropia\u00bb _builder_version=\u00bb4.17.0&#8243; _module_preset=\u00bbdefault\u00bb global_colors_info=\u00bb{}\u00bb][\/et_pb_video][\/et_pb_column][et_pb_column type=\u00bb3_5&#8243; _builder_version=\u00bb4.17.0&#8243; _module_preset=\u00bbdefault\u00bb global_colors_info=\u00bb{}\u00bb][et_pb_text _builder_version=\u00bb4.17.0&#8243; _module_preset=\u00bbdefault\u00bb global_colors_info=\u00bb{}\u00bb]<\/p>\n<h4 style=\"text-align: justify;\"><strong>About Lima:<\/strong><\/h4>\n<p><strong><\/strong><\/p>\n<p style=\"text-align: justify;\">Lima is the capital of the Republic of Peru. It is located in the central coast of the country, on the shores of the Pacific Ocean, integrating an extensive and populated urban area, flanked by the coastal desert and extended over the valleys of the rivers Chill\u00f3n, R\u00edmac y Lur\u00edn. The census projection of 2022 established a population of 13,943,800 inhabitants, a figure that makes it the most populous city in the country. Currently, it is considered as the political, economic, industrial, cultural, financial and commercial center of the country. On the international level, it is the fifth largest city in Latin America, fourth by GDP, fifth by number of inhabitants and one of the thirty most populous urban agglomerations in the world. On January 18, 1535, it was founded with the name \u00abCiudad de los Reyes\u00bb by the Spanish conquistador Francisco Pizarro in the agricultural region known by coastal natives as Limac, later as Lima, a name that was acquired over time.\u200b It was the capital of the viceroyalty of Peru in its valleys and its low altitude above the sea level in replacement of Jauja, which is located in the Andes. The viceroyalty, at the time, functioned as the most relevant administrative entity of the Hispanic Monarchy in South America, while Lima was the largest and most important city in South America during the colonial period. Lima is the seat of the oldest institution of higher education in the New World, the Universidad Nacional Mayor de San Marcos, founded on May 12, 1551 during the Spanish viceregal regime, and the oldest, most recognized and important university in Peru.<\/p>\n<p>[\/et_pb_text][\/et_pb_column][\/et_pb_row][et_pb_row column_structure=\u00bb1_2,1_2&#8243; _builder_version=\u00bb4.17.0&#8243; _module_preset=\u00bbdefault\u00bb global_colors_info=\u00bb{}\u00bb][et_pb_column type=\u00bb1_2&#8243; _builder_version=\u00bb4.17.0&#8243; _module_preset=\u00bbdefault\u00bb global_colors_info=\u00bb{}\u00bb][et_pb_text _builder_version=\u00bb4.17.0&#8243; _module_preset=\u00bbdefault\u00bb global_colors_info=\u00bb{}\u00bb]<\/p>\n<h4 style=\"text-align: justify;\"><strong>About the Major National University of San Marcos:<\/strong><\/h4>\n<p style=\"text-align: justify;\">The Universidad Nacional Mayor de San Marcos (UNMSM) is the most important, recognized and representative educational institution in Peru. At a continental level, being the first officially founded and the one with the longest time in continuous operation since its foundation, it is recognized as the oldest university in America. It is considered as the most important and representative Peruvian institution of higher education for its \u00abtradition, prestige, quality and selectivity\u00bb, being also recognized as the institution with the greatest scientific production in Peru. It ranks the first position in Peru according to certain editions of various national and international university rankings.\u00a0<\/p>\n<p><strong><\/strong><\/p>\n<p>[\/et_pb_text][\/et_pb_column][et_pb_column type=\u00bb1_2&#8243; _builder_version=\u00bb4.17.0&#8243; _module_preset=\u00bbdefault\u00bb global_colors_info=\u00bb{}\u00bb][et_pb_image src=\u00bbhttp:\/\/www.lafmat.com\/home\/wp-content\/uploads\/2023\/02\/UNSM.png\u00bb title_text=\u00bbUNSM\u00bb _builder_version=\u00bb4.17.0&#8243; _module_preset=\u00bbdefault\u00bb global_colors_info=\u00bb{}\u00bb][\/et_pb_image][\/et_pb_column][\/et_pb_row][et_pb_row _builder_version=\u00bb4.17.0&#8243; _module_preset=\u00bbdefault\u00bb global_colors_info=\u00bb{}\u00bb][et_pb_column type=\u00bb4_4&#8243; _builder_version=\u00bb4.17.0&#8243; _module_preset=\u00bbdefault\u00bb global_colors_info=\u00bb{}\u00bb][et_pb_text _builder_version=\u00bb4.17.0&#8243; _module_preset=\u00bbdefault\u00bb custom_margin=\u00bb-53px||||false|false\u00bb custom_padding=\u00bb0px||0px||false|false\u00bb global_colors_info=\u00bb{}\u00bb]<\/p>\n<p style=\"text-align: justify;\">Besides, has a ten-year institutional license granted by SUNEDU and an institutional accreditation that certifies its academic and administrative quality. Regarding research, according to information from the SCOPUS database, the University of San Marcos is to date the first Peruvian institution in the production of scientific articles, both annually and historically accumulated. Several influential Peruvians and Latin Americans have been educated in its classrooms, all alumnus recognizing and appreciating the high level of teaching and the active and important participation intellectual that the university and its students had throughout the history of Peru.<\/p>\n<p style=\"text-align: justify;\">\n<p style=\"text-align: justify;\">More information about the UNMSM <a href=\"https:\/\/en.wikipedia.org\/wiki\/National_University_of_San_Marcos\">here<\/a>.<\/p>\n<p>Official UNMSM web page <a href=\"https:\/\/unmsm.edu.pe\/\">here<\/a>.<\/p>\n<p style=\"text-align: justify;\">\n<p>[\/et_pb_text][\/et_pb_column][\/et_pb_row][\/et_pb_section][et_pb_section fb_built=\u00bb1&#8243; _builder_version=\u00bb4.17.0&#8243; _module_preset=\u00bbdefault\u00bb custom_padding=\u00bb0px||0px||false|false\u00bb da_disable_devices=\u00bboff|off|off\u00bb global_colors_info=\u00bb{}\u00bb da_is_popup=\u00bboff\u00bb da_exit_intent=\u00bboff\u00bb da_has_close=\u00bbon\u00bb da_alt_close=\u00bboff\u00bb da_dark_close=\u00bboff\u00bb da_not_modal=\u00bbon\u00bb da_is_singular=\u00bboff\u00bb da_with_loader=\u00bboff\u00bb da_has_shadow=\u00bbon\u00bb][et_pb_row _builder_version=\u00bb4.17.0&#8243; _module_preset=\u00bbdefault\u00bb global_colors_info=\u00bb{}\u00bb][et_pb_column type=\u00bb4_4&#8243; _builder_version=\u00bb4.17.0&#8243; _module_preset=\u00bbdefault\u00bb global_colors_info=\u00bb{}\u00bb][et_pb_text _builder_version=\u00bb4.17.0&#8243; _module_preset=\u00bbdefault\u00bb global_colors_info=\u00bb{}\u00bb]<\/p>\n<h1 style=\"text-align: center;\"><strong>SPONSORS<\/strong><\/h1>\n<p>[\/et_pb_text][\/et_pb_column][\/et_pb_row][et_pb_row _builder_version=\u00bb4.17.0&#8243; _module_preset=\u00bbdefault\u00bb global_colors_info=\u00bb{}\u00bb][et_pb_column type=\u00bb4_4&#8243; _builder_version=\u00bb4.17.0&#8243; _module_preset=\u00bbdefault\u00bb global_colors_info=\u00bb{}\u00bb][et_pb_image src=\u00bbhttp:\/\/www.lafmat.com\/home\/wp-content\/uploads\/2023\/02\/spons.png\u00bb title_text=\u00bbspons\u00bb _builder_version=\u00bb4.17.0&#8243; _module_preset=\u00bbdefault\u00bb global_colors_info=\u00bb{}\u00bb][\/et_pb_image][\/et_pb_column][\/et_pb_row][\/et_pb_section]<\/p>\n","protected":false},"excerpt":{"rendered":"<p>The II Latinamerican Conference on Superconductivity and Magnetism will be held at the \u00abInstituto de Investigacion de Fisica\u00bb, Facultad de Ciencias Fisicas, campus of the \u00abUniversidad Nacional Mayor de San Marcos\u00bb, located in the Lima City, Peru from 23rd to 27th October 2023. Address: Instituto de Investigacion de Fisica, Facultad de Ciencias Fisica, Universidad Nacional [&hellip;]<\/p>\n","protected":false},"author":1,"featured_media":0,"parent":0,"menu_order":0,"comment_status":"closed","ping_status":"closed","template":"","meta":{"_et_pb_use_builder":"on","_et_pb_old_content":"","_et_gb_content_width":""},"_links":{"self":[{"href":"https:\/\/www.lafmat.com\/home\/wp-json\/wp\/v2\/pages\/1621"}],"collection":[{"href":"https:\/\/www.lafmat.com\/home\/wp-json\/wp\/v2\/pages"}],"about":[{"href":"https:\/\/www.lafmat.com\/home\/wp-json\/wp\/v2\/types\/page"}],"author":[{"embeddable":true,"href":"https:\/\/www.lafmat.com\/home\/wp-json\/wp\/v2\/users\/1"}],"replies":[{"embeddable":true,"href":"https:\/\/www.lafmat.com\/home\/wp-json\/wp\/v2\/comments?post=1621"}],"version-history":[{"count":8,"href":"https:\/\/www.lafmat.com\/home\/wp-json\/wp\/v2\/pages\/1621\/revisions"}],"predecessor-version":[{"id":2970,"href":"https:\/\/www.lafmat.com\/home\/wp-json\/wp\/v2\/pages\/1621\/revisions\/2970"}],"wp:attachment":[{"href":"https:\/\/www.lafmat.com\/home\/wp-json\/wp\/v2\/media?parent=1621"}],"curies":[{"name":"wp","href":"https:\/\/api.w.org\/{rel}","templated":true}]}}